{"id":701,"date":"2025-08-30T01:33:11","date_gmt":"2025-08-29T22:33:11","guid":{"rendered":"https:\/\/indigoled.com\/?page_id=701"},"modified":"2025-08-30T01:40:15","modified_gmt":"2025-08-29T22:40:15","slug":"uretim","status":"publish","type":"page","link":"https:\/\/indigoled.com\/en\/uretim\/","title":{"rendered":"Production"},"content":{"rendered":"<div data-elementor-type=\"wp-page\" data-elementor-id=\"701\" class=\"elementor elementor-701\">\n\t\t\t\t\t\t<section class=\"elementor-section elementor-top-section elementor-element elementor-element-5b06766 pbmit-col-stretched-none pbmit-bg-color-over-image elementor-section-boxed elementor-section-height-default elementor-section-height-default\" data-id=\"5b06766\" data-element_type=\"section\">\n\t\t\t\t\t\t<div class=\"elementor-container elementor-column-gap-no\">\n\t\t\t\t\t<div class=\"elementor-column elementor-col-50 elementor-top-column elementor-element elementor-element-b41dd8d pbmit-bg-color-over-image\" data-id=\"b41dd8d\" data-element_type=\"column\">\n\t\t\t<div class=\"elementor-widget-wrap elementor-element-populated\">\n\t\t\t\t\t\t<div class=\"elementor-element elementor-element-b02506b pbmit-animation-none elementor-widget elementor-widget-image\" data-id=\"b02506b\" data-element_type=\"widget\" data-widget_type=\"image.default\">\n\t\t\t\t<div class=\"elementor-widget-container\">\n\t\t\t\t\t\t\t\t\t\t\t\t\t\t\t<img fetchpriority=\"high\" decoding=\"async\" width=\"847\" height=\"565\" src=\"https:\/\/indigoled.com\/wp-content\/uploads\/2025\/08\/uretim1.jpg\" class=\"attachment-large size-large wp-image-704\" alt=\"\" srcset=\"https:\/\/indigoled.com\/wp-content\/uploads\/2025\/08\/uretim1.jpg 900w, https:\/\/indigoled.com\/wp-content\/uploads\/2025\/08\/uretim1-300x200.jpg 300w, https:\/\/indigoled.com\/wp-content\/uploads\/2025\/08\/uretim1-768x512.jpg 768w\" sizes=\"(max-width: 847px) 100vw, 847px\" \/>\t\t\t\t\t\t\t\t\t\t\t\t\t\t\t<\/div>\n\t\t\t\t<\/div>\n\t\t\t\t<div class=\"elementor-element elementor-element-17d2426 pbmit-animation-none elementor-widget elementor-widget-image\" data-id=\"17d2426\" data-element_type=\"widget\" data-widget_type=\"image.default\">\n\t\t\t\t<div class=\"elementor-widget-container\">\n\t\t\t\t\t\t\t\t\t\t\t\t\t\t\t<img decoding=\"async\" width=\"847\" height=\"565\" src=\"https:\/\/indigoled.com\/wp-content\/uploads\/2025\/08\/uretim2.jpg\" class=\"attachment-large size-large wp-image-705\" alt=\"\" srcset=\"https:\/\/indigoled.com\/wp-content\/uploads\/2025\/08\/uretim2.jpg 900w, https:\/\/indigoled.com\/wp-content\/uploads\/2025\/08\/uretim2-300x200.jpg 300w, https:\/\/indigoled.com\/wp-content\/uploads\/2025\/08\/uretim2-768x512.jpg 768w\" sizes=\"(max-width: 847px) 100vw, 847px\" \/>\t\t\t\t\t\t\t\t\t\t\t\t\t\t\t<\/div>\n\t\t\t\t<\/div>\n\t\t\t\t\t<\/div>\n\t\t<\/div>\n\t\t\t\t<div class=\"elementor-column elementor-col-50 elementor-top-column elementor-element elementor-element-1f5ff03 pbmit-bg-color-over-image\" data-id=\"1f5ff03\" data-element_type=\"column\">\n\t\t\t<div class=\"elementor-widget-wrap elementor-element-populated\">\n\t\t\t\t\t\t<div class=\"elementor-element elementor-element-9555607 elementor-widget elementor-widget-pbmit_heading\" data-id=\"9555607\" data-element_type=\"widget\" data-widget_type=\"pbmit_heading.default\">\n\t\t\t\t<div class=\"elementor-widget-container\">\n\t\t\t\t\t <div class=\"pbmit-heading-subheading pbmit-reverse-heading-yes animation-style2\"><h4 class=\"pbmit-element-subtitle\"><span>\r\n\t\t\t\t<\/span>\r\n\t\t\t\t\r\n\t\t\t\t\tSustainable Manufacturing\r\n\t\t\t\t\r\n\t\t\t\t<\/h4>\r\n\t\t\t<h2 class=\"pbmit-element-title\">\r\n\t\t\t\t\r\n\t\t\t\t\tProduction\r\n\t\t\t\t\r\n\t\t\t\t<\/h2>\r\n\t\t\t<\/div>\t\t\t\t<\/div>\n\t\t\t\t<\/div>\n\t\t\t\t<div class=\"elementor-element elementor-element-fb538ce elementor-widget elementor-widget-text-editor\" data-id=\"fb538ce\" data-element_type=\"widget\" data-widget_type=\"text-editor.default\">\n\t\t\t\t<div class=\"elementor-widget-container\">\n\t\t\t\t\t\t\t\t\t<p data-start=\"195\" data-end=\"512\">Indigo develops advanced technology solutions in the yacht and marine lighting sector within its <strong data-start=\"203\" data-end=\"232\">1300 m\u00b2 modern facility<\/strong> and <strong data-start=\"236\" data-end=\"266\">400 m\u00b2 production workshop<\/strong> Our manufacturing processes are supported by <strong data-start=\"370\" data-end=\"448\">precision machining technologies, CNC lathe machines, and a robust R&amp;D infrastructure,<\/strong> ensuring operations are conducted in accordance with international standards.<\/p><p data-start=\"514\" data-end=\"838\"><strong data-start=\"514\" data-end=\"547\">Engineering and Technological Capability<\/strong><br data-start=\"547\" data-end=\"550\" \/>Our products undergo a meticulously planned process, from the design phase to serial production. Every prototype is <strong data-start=\"657\" data-end=\"706\">tested and optimized in our R&amp;D workshop;<\/strong>it is continuously refined until it achieves the highest standards in criteria such as performance, energy efficiency, water resistance, and longevity.<\/p><p data-start=\"840\" data-end=\"866\"><strong data-start=\"840\" data-end=\"864\">Our Manufacturing Processes:<\/strong><\/p><ul data-start=\"867\" data-end=\"1316\"><li data-start=\"867\" data-end=\"977\"><p data-start=\"869\" data-end=\"977\">Manufacturing <strong data-start=\"924\" data-end=\"966\">flawless components with millimetric precision<\/strong> using CNC machining and high-precision lathe machines.<\/p><\/li><li data-start=\"978\" data-end=\"1094\"><p data-start=\"980\" data-end=\"1094\"><strong data-start=\"980\" data-end=\"1016\">Meticulous inspections<\/strong> conducted by our experienced engineers during the assembly and electronic integration stages.<\/p><\/li><li data-start=\"1095\" data-end=\"1223\"><p data-start=\"1097\" data-end=\"1223\"><strong data-start=\"1097\" data-end=\"1125\">Testing every product for underwater durability, temperature resistance, and energy consumption<\/strong> as part of our quality control processes.<\/p><\/li><li data-start=\"1224\" data-end=\"1316\"><p data-start=\"1226\" data-end=\"1316\">Continuously updated designs and prototype development, driven by the contributions of our R&amp;D department.<\/p><\/li><\/ul><p data-start=\"1318\" data-end=\"1620\"><strong data-start=\"1318\" data-end=\"1344\">Workforce and Expertise<\/strong><br data-start=\"1344\" data-end=\"1347\" \/>Our expert team of 20 professionals applies their experience and knowledge at every stage of production. Indigo <strong data-start=\"1444\" data-end=\"1491\">combines engineering with craftsmanship,<\/strong>producing not only standard products but also solutions that offer <strong data-start=\"1526\" data-end=\"1610\">high aesthetics and functionality, tailored to the character of<\/strong> luxury yachts.<\/p><p data-start=\"1622\" data-end=\"1932\"><strong data-start=\"1622\" data-end=\"1647\">Sustainable Manufacturing<\/strong><br data-start=\"1647\" data-end=\"1650\" \/>By adopting energy-efficient and eco-friendly LED technologies, Indigo prioritizes a sustainability approach throughout its manufacturing processes. In doing so, we not only meet the needs of today but also deliver products that <strong data-start=\"1854\" data-end=\"1916\">contribute to the future of the<\/strong> maritime sector.<\/p><p data-start=\"1934\" data-end=\"2163\">Indigo's manufacturing philosophy\u2014 <strong data-start=\"1962\" data-end=\"2025\">combining high technology, meticulous quality control, and domestic engineering\u2014<\/strong> offers customers not just a lighting product, but <strong data-start=\"2101\" data-end=\"2154\">confidence, prestige, and a long-lasting experience<\/strong> .<\/p>\t\t\t\t\t\t\t\t<\/div>\n\t\t\t\t<\/div>\n\t\t\t\t\t<\/div>\n\t\t<\/div>\n\t\t\t\t\t<\/div>\n\t\t<\/section>\n\t\t\t\t<\/div>","protected":false},"excerpt":{"rendered":"<p>S\u00fcrd\u00fcr\u00fclebilir \u00dcretim \u00dcretim Indigo, 1300 m\u00b2\u2019lik modern tesisi ve 400 m\u00b2\u2019lik \u00fcretim at\u00f6lyesi ile yat ve tekne ayd\u0131nlatma sekt\u00f6r\u00fcnde ileri teknoloji \u00e7\u00f6z\u00fcmler geli\u015ftirmektedir. \u00dcretim s\u00fcre\u00e7lerimiz; hassas i\u015fleme teknolojileri, CNC torna makineleri ve g\u00fc\u00e7l\u00fc AR-GE altyap\u0131s\u0131 ile desteklenerek uluslararas\u0131 standartlarda y\u00fcr\u00fct\u00fclmektedir. M\u00fchendislik ve Teknoloji G\u00fcc\u00fc\u00dcr\u00fcnlerimiz, tasar\u0131m a\u015famas\u0131ndan seri \u00fcretime kadar titizlikle planlanan bir s\u00fcre\u00e7ten ge\u00e7er. Her [&hellip;]<\/p>","protected":false},"author":1,"featured_media":0,"parent":0,"menu_order":0,"comment_status":"closed","ping_status":"closed","template":"","meta":{"inline_featured_image":false,"footnotes":""},"class_list":["post-701","page","type-page","status-publish","hentry"],"_links":{"self":[{"href":"https:\/\/indigoled.com\/en\/wp-json\/wp\/v2\/pages\/701","targetHints":{"allow":["GET"]}}],"collection":[{"href":"https:\/\/indigoled.com\/en\/wp-json\/wp\/v2\/pages"}],"about":[{"href":"https:\/\/indigoled.com\/en\/wp-json\/wp\/v2\/types\/page"}],"author":[{"embeddable":true,"href":"https:\/\/indigoled.com\/en\/wp-json\/wp\/v2\/users\/1"}],"replies":[{"embeddable":true,"href":"https:\/\/indigoled.com\/en\/wp-json\/wp\/v2\/comments?post=701"}],"version-history":[{"count":10,"href":"https:\/\/indigoled.com\/en\/wp-json\/wp\/v2\/pages\/701\/revisions"}],"predecessor-version":[{"id":714,"href":"https:\/\/indigoled.com\/en\/wp-json\/wp\/v2\/pages\/701\/revisions\/714"}],"wp:attachment":[{"href":"https:\/\/indigoled.com\/en\/wp-json\/wp\/v2\/media?parent=701"}],"curies":[{"name":"wp","href":"https:\/\/api.w.org\/{rel}","templated":true}]}}