{"id":68,"date":"2024-05-17T10:57:20","date_gmt":"2024-05-17T10:57:20","guid":{"rendered":"http:\/\/xinterio-demo.pbminfotech.com\/demo1\/?page_id=4865"},"modified":"2025-08-30T03:07:39","modified_gmt":"2025-08-30T00:07:39","slug":"hakkimizda","status":"publish","type":"page","link":"https:\/\/indigoled.com\/en\/hakkimizda\/","title":{"rendered":"About Us"},"content":{"rendered":"<div data-elementor-type=\"wp-page\" data-elementor-id=\"68\" class=\"elementor elementor-68\">\n\t\t\t\t\t\t<div class=\"elementor-section elementor-top-section elementor-element elementor-element-ef7663b pbmit-col-stretched-none pbmit-bg-color-over-image elementor-section-boxed elementor-section-height-default elementor-section-height-default\" data-id=\"ef7663b\" data-element_type=\"section\" data-settings=\"{&quot;background_background&quot;:&quot;classic&quot;}\">\n\t\t\t\t\t\t<div class=\"elementor-container elementor-column-gap-no\">\n\t\t\t\t\t<div class=\"elementor-column elementor-col-50 elementor-top-column elementor-element elementor-element-9c0c381 pbmit-bg-color-over-image\" data-id=\"9c0c381\" data-element_type=\"column\">\n\t\t\t<div class=\"elementor-widget-wrap elementor-element-populated\">\n\t\t\t\t\t\t<div class=\"elementor-element elementor-element-bcb5b58 elementor-widget elementor-widget-heading\" data-id=\"bcb5b58\" data-element_type=\"widget\" data-widget_type=\"heading.default\">\n\t\t\t\t<div class=\"elementor-widget-container\">\n\t\t\t\t\t<h3 class=\"elementor-heading-title elementor-size-default\">Technology, Passion, and Innovation<\/h3>\t\t\t\t<\/div>\n\t\t\t\t<\/div>\n\t\t\t\t<div class=\"elementor-element elementor-element-79bf9ff elementor-widget elementor-widget-text-editor\" data-id=\"79bf9ff\" data-element_type=\"widget\" data-widget_type=\"text-editor.default\">\n\t\t\t\t<div class=\"elementor-widget-container\">\n\t\t\t\t\t\t\t\t\t<p>Indigo, develops lighting solutions at the highest standards for luxury yachts and boats with its 25 years marine experience. Our brand which was established on Indigo Marin's engineering know-how is not just a producer nowadays; is also <strong data-start=\"584\" data-end=\"636\">a reliable solution partner<\/strong> in the marine sector.<\/p>\t\t\t\t\t\t\t\t<\/div>\n\t\t\t\t<\/div>\n\t\t\t\t<div class=\"elementor-element elementor-element-6b137c8 elementor-widget elementor-widget-heading\" data-id=\"6b137c8\" data-element_type=\"widget\" data-widget_type=\"heading.default\">\n\t\t\t\t<div class=\"elementor-widget-container\">\n\t\t\t\t\t<h5 class=\"elementor-heading-title elementor-size-default\">100% Domestic Engineering \u2013 Global Vision\n<\/h5>\t\t\t\t<\/div>\n\t\t\t\t<\/div>\n\t\t\t\t<div class=\"elementor-element elementor-element-9a28af1 elementor-widget elementor-widget-text-editor\" data-id=\"9a28af1\" data-element_type=\"widget\" data-widget_type=\"text-editor.default\">\n\t\t\t\t<div class=\"elementor-widget-container\">\n\t\t\t\t\t\t\t\t\t<p>We develop World-class products with 100% domestic engineering in our 1300 m\u00b2 modern facility thanks to our 400 m\u00b2 production workshop and our R&amp;D infrastructure supported by high-tech CNC lathe machines. <strong data-start=\"844\" data-end=\"902\">The priority of Indigo is to produce long-lasting, highly efficient and aesthetic lighting systems<\/strong> that will meet not only today's but also future needs.<\/p>\t\t\t\t\t\t\t\t<\/div>\n\t\t\t\t<\/div>\n\t\t\t\t\t<\/div>\n\t\t<\/div>\n\t\t\t\t<div class=\"elementor-column elementor-col-50 elementor-top-column elementor-element elementor-element-1642997 pbmit-bg-color-over-image\" data-id=\"1642997\" data-element_type=\"column\">\n\t\t\t<div class=\"elementor-widget-wrap elementor-element-populated\">\n\t\t\t\t\t\t<div class=\"elementor-element elementor-element-94b27e7 pbmit-animation-style7 elementor-widget elementor-widget-image\" data-id=\"94b27e7\" data-element_type=\"widget\" data-widget_type=\"image.default\">\n\t\t\t\t<div class=\"elementor-widget-container\">\n\t\t\t\t\t\t\t\t\t\t\t\t\t\t\t<img fetchpriority=\"high\" decoding=\"async\" width=\"847\" height=\"521\" src=\"https:\/\/indigoled.com\/wp-content\/uploads\/2025\/08\/sofia-Of-tortolo.jpg\" class=\"attachment-large size-large wp-image-797\" alt=\"\" srcset=\"https:\/\/indigoled.com\/wp-content\/uploads\/2025\/08\/sofia-Of-tortolo.jpg 1000w, https:\/\/indigoled.com\/wp-content\/uploads\/2025\/08\/sofia-Of-tortolo-300x185.jpg 300w, https:\/\/indigoled.com\/wp-content\/uploads\/2025\/08\/sofia-Of-tortolo-768x472.jpg 768w\" sizes=\"(max-width: 847px) 100vw, 847px\" \/>\t\t\t\t\t\t\t\t\t\t\t\t\t\t\t<\/div>\n\t\t\t\t<\/div>\n\t\t\t\t\t<\/div>\n\t\t<\/div>\n\t\t\t\t\t<\/div>\n\t\t<\/div>\n\t\t\t\t<section class=\"elementor-section elementor-top-section elementor-element elementor-element-6f29284 elementor-section-full_width pbmit-col-stretched-none pbmit-bg-color-over-image elementor-section-height-default elementor-section-height-default\" data-id=\"6f29284\" data-element_type=\"section\">\n\t\t\t\t\t\t<div class=\"elementor-container elementor-column-gap-no\">\n\t\t\t\t\t<div class=\"elementor-column elementor-col-50 elementor-top-column elementor-element elementor-element-31e2cea pbmit-bg-color-yes pbmit-elementor-bg-color-light pbmit-text-color-blackish pbmit-bg-color-over-image\" data-id=\"31e2cea\" data-element_type=\"column\">\n\t\t\t<div class=\"elementor-widget-wrap elementor-element-populated\">\n\t\t\t\t\t\t<div class=\"elementor-element elementor-element-30b40ed elementor-widget elementor-widget-pbmit_heading\" data-id=\"30b40ed\" data-element_type=\"widget\" data-widget_type=\"pbmit_heading.default\">\n\t\t\t\t<div class=\"elementor-widget-container\">\n\t\t\t\t\t <div class=\"pbmit-heading-subheading pbmit-reverse-heading-yes animation-style4\"><h4 class=\"pbmit-element-subtitle\"><span>\r\n\t\t\t\t<\/span>\r\n\t\t\t\t\r\n\t\t\t\t\tGlobal Vision\r\n\t\t\t\t\r\n\t\t\t\t<\/h4>\r\n\t\t\t<h4 class=\"pbmit-element-title\">\r\n\t\t\t\t\r\n\t\t\t\t\tInternational Collaborations\r\n\t\t\t\t\r\n\t\t\t\t<\/h4>\r\n\t\t\t<\/div>\t\t\t\t<\/div>\n\t\t\t\t<\/div>\n\t\t\t\t<div class=\"elementor-element elementor-element-75311e3 elementor-widget elementor-widget-text-editor\" data-id=\"75311e3\" data-element_type=\"widget\" data-widget_type=\"text-editor.default\">\n\t\t\t\t<div class=\"elementor-widget-container\">\n\t\t\t\t\t\t\t\t\t<p>We collaborate with leading companies in the sector such as Chemba Limited, Atech, AX Naval, Yutek, \u00d6zata Shipyard, CSY Marine and the General Directorate of Coastal Safety. On the other hand, we represent our brand in many European countries, mainly Italy, France and Malta; we are bringing the power of Turkish engineering to the global market.<\/p>\t\t\t\t\t\t\t\t<\/div>\n\t\t\t\t<\/div>\n\t\t\t\t<div class=\"elementor-element elementor-element-90e97a4 elementor-widget elementor-widget-text-editor\" data-id=\"90e97a4\" data-element_type=\"widget\" data-widget_type=\"text-editor.default\">\n\t\t\t\t<div class=\"elementor-widget-container\">\n\t\t\t\t\t\t\t\t\t<p data-start=\"1457\" data-end=\"1487\"><strong>Our Mission and Vision<\/strong><\/p><p data-start=\"1490\" data-end=\"1649\">Our mission is to produce the reliable, aesthetic and sustainable lighting solutions for luxury yachts and boats and to take the user experience to the highest level. Our vision is to be a Worldwide lighting brand which was originated from T\u00fcrkiye and to develop technologies steering the sector.<\/p>\t\t\t\t\t\t\t\t<\/div>\n\t\t\t\t<\/div>\n\t\t\t\t\t<\/div>\n\t\t<\/div>\n\t\t\t\t<div class=\"elementor-column elementor-col-50 elementor-top-column elementor-element elementor-element-07e0031 pbmit-bg-color-yes pbmit-elementor-bg-color-white pbmit-text-color-white pbmit-bg-color-over-image\" data-id=\"07e0031\" data-element_type=\"column\" data-settings=\"{&quot;background_background&quot;:&quot;classic&quot;}\">\n\t\t\t<div class=\"elementor-widget-wrap elementor-element-populated\">\n\t\t\t\t\t\t<div class=\"elementor-element elementor-element-9be1855 pbmit-animation-none elementor-widget elementor-widget-image\" data-id=\"9be1855\" data-element_type=\"widget\" data-widget_type=\"image.default\">\n\t\t\t\t<div class=\"elementor-widget-container\">\n\t\t\t\t\t\t\t\t\t\t\t\t\t\t\t<img decoding=\"async\" width=\"900\" height=\"869\" src=\"https:\/\/indigoled.com\/wp-content\/uploads\/2025\/08\/5-2.jpg\" class=\"attachment-full size-full wp-image-850\" alt=\"\" srcset=\"https:\/\/indigoled.com\/wp-content\/uploads\/2025\/08\/5-2.jpg 900w, https:\/\/indigoled.com\/wp-content\/uploads\/2025\/08\/5-2-300x290.jpg 300w, https:\/\/indigoled.com\/wp-content\/uploads\/2025\/08\/5-2-768x742.jpg 768w\" sizes=\"(max-width: 900px) 100vw, 900px\" \/>\t\t\t\t\t\t\t\t\t\t\t\t\t\t\t<\/div>\n\t\t\t\t<\/div>\n\t\t\t\t\t<\/div>\n\t\t<\/div>\n\t\t\t\t\t<\/div>\n\t\t<\/section>\n\t\t\t\t<\/div>","protected":false},"excerpt":{"rendered":"<p>Teknoloji, Tutku, \u0130novasyon Indigo, 25 y\u0131l\u0131 a\u015fk\u0131n denizcilik tecr\u00fcbesiyle, l\u00fcks yat ve tekneler i\u00e7in en y\u00fcksek standartlarda ayd\u0131nlatma \u00e7\u00f6z\u00fcmleri geli\u015ftirmektedir. Indigo Marin\u2019in m\u00fchendislik birikimi \u00fczerine kurulan markam\u0131z, bug\u00fcn yaln\u0131zca bir \u00fcretici de\u011fil; denizcilik sekt\u00f6r\u00fcnde g\u00fcvenilir bir \u00e7\u00f6z\u00fcm orta\u011f\u0131 konumundad\u0131r. %100 Yerli M\u00fchendislik \u2013 Global Vizyon 1300 m\u00b2\u2019lik modern tesisimizde, 400 m\u00b2\u2019lik \u00fcretim at\u00f6lyemiz ve ileri [&hellip;]<\/p>","protected":false},"author":1,"featured_media":0,"parent":0,"menu_order":3,"comment_status":"closed","ping_status":"closed","template":"","meta":{"inline_featured_image":false,"footnotes":""},"class_list":["post-68","page","type-page","status-publish","hentry"],"_links":{"self":[{"href":"https:\/\/indigoled.com\/en\/wp-json\/wp\/v2\/pages\/68","targetHints":{"allow":["GET"]}}],"collection":[{"href":"https:\/\/indigoled.com\/en\/wp-json\/wp\/v2\/pages"}],"about":[{"href":"https:\/\/indigoled.com\/en\/wp-json\/wp\/v2\/types\/page"}],"author":[{"embeddable":true,"href":"https:\/\/indigoled.com\/en\/wp-json\/wp\/v2\/users\/1"}],"replies":[{"embeddable":true,"href":"https:\/\/indigoled.com\/en\/wp-json\/wp\/v2\/comments?post=68"}],"version-history":[{"count":49,"href":"https:\/\/indigoled.com\/en\/wp-json\/wp\/v2\/pages\/68\/revisions"}],"predecessor-version":[{"id":899,"href":"https:\/\/indigoled.com\/en\/wp-json\/wp\/v2\/pages\/68\/revisions\/899"}],"wp:attachment":[{"href":"https:\/\/indigoled.com\/en\/wp-json\/wp\/v2\/media?parent=68"}],"curies":[{"name":"wp","href":"https:\/\/api.w.org\/{rel}","templated":true}]}}